{"id":9760,"date":"2025-06-28T15:08:37","date_gmt":"2025-06-28T15:08:37","guid":{"rendered":"https:\/\/atelieamaliabarros.com\/?post_type=product&#038;p=9760"},"modified":"2025-07-18T12:44:55","modified_gmt":"2025-07-18T12:44:55","slug":"z-cartela-adesivos-manto-santinha-meia-perola-c-10mm-cor-ouro","status":"publish","type":"product","link":"https:\/\/atelieamaliabarros.com\/index.php\/produto\/z-cartela-adesivos-manto-santinha-meia-perola-c-10mm-cor-ouro\/","title":{"rendered":"Z- CARTELA ADESIVOS MANTO SANTINHA MEIA P\u00c9ROLA-C 10mm COR OURO"},"content":{"rendered":"","protected":false},"excerpt":{"rendered":"<p><strong>DESCRI\u00c7\u00c3O<\/strong><\/p>\n<p>Cartela Adesiva &#8220;Flor&#8221; &#8211; MMIXER-10<\/p>\n<p>Cont\u00e9m: 21 Adesivos em formato de flor, meia p\u00e9rolas e mini pedrinhas no centro.<\/p>\n<p>Ideal para acabamentos em santinha de amigurumi, madeiras ou mdf, pap\u00e9is, cart\u00f5es, lembrancinhas, pets e artesanatos em geral.<\/p>\n<p>Imagem Ilustrativa podendo sofrer varia\u00e7\u00f5es de cor ou tamanho conforme configura\u00e7\u00e3o de tela ou monitor.<\/p>\n","protected":false},"featured_media":9761,"template":"","meta":[],"product_brand":[],"product_cat":[104],"product_tag":[],"class_list":{"0":"post-9760","1":"product","2":"type-product","3":"status-publish","4":"has-post-thumbnail","6":"product_cat-cartela-adesiva-para-santinhas","8":"first","9":"outofstock","10":"taxable","11":"shipping-taxable","12":"purchasable","13":"product-type-simple"},"_links":{"self":[{"href":"https:\/\/atelieamaliabarros.com\/index.php\/wp-json\/wp\/v2\/product\/9760","targetHints":{"allow":["GET"]}}],"collection":[{"href":"https:\/\/atelieamaliabarros.com\/index.php\/wp-json\/wp\/v2\/product"}],"about":[{"href":"https:\/\/atelieamaliabarros.com\/index.php\/wp-json\/wp\/v2\/types\/product"}],"wp:featuredmedia":[{"embeddable":true,"href":"https:\/\/atelieamaliabarros.com\/index.php\/wp-json\/wp\/v2\/media\/9761"}],"wp:attachment":[{"href":"https:\/\/atelieamaliabarros.com\/index.php\/wp-json\/wp\/v2\/media?parent=9760"}],"wp:term":[{"taxonomy":"product_brand","embeddable":true,"href":"https:\/\/atelieamaliabarros.com\/index.php\/wp-json\/wp\/v2\/product_brand?post=9760"},{"taxonomy":"product_cat","embeddable":true,"href":"https:\/\/atelieamaliabarros.com\/index.php\/wp-json\/wp\/v2\/product_cat?post=9760"},{"taxonomy":"product_tag","embeddable":true,"href":"https:\/\/atelieamaliabarros.com\/index.php\/wp-json\/wp\/v2\/product_tag?post=9760"}],"curies":[{"name":"wp","href":"https:\/\/api.w.org\/{rel}","templated":true}]}}