{"id":9416,"date":"2024-10-11T15:32:17","date_gmt":"2024-10-11T15:32:17","guid":{"rendered":"https:\/\/atelieamaliabarros.com\/?post_type=product&#038;p=9416"},"modified":"2026-02-28T13:32:43","modified_gmt":"2026-02-28T13:32:43","slug":"sao-jose-tunica-ampla-24-cm-1-modelo-padrao-pdf-digital","status":"publish","type":"product","link":"https:\/\/atelieamaliabarros.com\/index.php\/produto\/sao-jose-tunica-ampla-24-cm-1-modelo-padrao-pdf-digital\/","title":{"rendered":"S\u00c3O JOS\u00c9 T\u00daNICA AMPLA 24 CM (1 MODELO) PADR\u00c3O PDF DIGITAL"},"content":{"rendered":"","protected":false},"excerpt":{"rendered":"<p><span style=\"color: #7d7873; font-family: museo_sans, sans-serif;\">OBS: (RECEBER\u00c1 UM ARQUIVO DIGITAL) PADR\u00c3O RECEITA EM PDF DO S\u00c3O JOS\u00c9 COM 1 MODELO EM CROCH\u00ca<\/span><\/p>\n<p><strong>Consta nesse PDF a Receita do Corpinho, da T\u00fanica Ampla, 2 Modelos de Cabelinho, da Aur\u00e9ola,do Cajado da Barba, do Bigode, dos L\u00edrios e do Menino Jesus.<\/strong><\/p>\n<p><strong><span style=\"color: #7d7873; font-family: museo_sans, sans-serif;\">Com esta receita poder\u00e1 confeccionar 1 modelo do S\u00e3o Jos\u00e9 (apenas 1 modelo do S\u00e3o Jos\u00e9 com T\u00fanica Ampla) como mostra as fotos.<\/span><\/strong><\/p>\n<p><strong><span style=\"color: #7d7873; font-family: museo_sans, sans-serif;\">Este padr\u00e3o \u00e9 registrado Copyright \u00a9 Ateli\u00ea Am\u00e1lia Barros \u2013 2022 Todos os direitos<\/span><\/strong><br style=\"color: #7d7873; font-family: museo_sans, sans-serif;\" \/><strong><span style=\"color: #7d7873; font-family: museo_sans, sans-serif;\">reservados.<\/span><\/strong><\/p>\n","protected":false},"featured_media":9421,"template":"","meta":[],"product_brand":[],"product_cat":[108],"product_tag":[],"class_list":{"0":"post-9416","1":"product","2":"type-product","3":"status-publish","4":"has-post-thumbnail","6":"product_cat-pdf-digital-receitas-de-santinhas","8":"first","9":"instock","10":"sale","11":"downloadable","12":"virtual","13":"sold-individually","14":"taxable","15":"purchasable","16":"product-type-simple"},"_links":{"self":[{"href":"https:\/\/atelieamaliabarros.com\/index.php\/wp-json\/wp\/v2\/product\/9416","targetHints":{"allow":["GET"]}}],"collection":[{"href":"https:\/\/atelieamaliabarros.com\/index.php\/wp-json\/wp\/v2\/product"}],"about":[{"href":"https:\/\/atelieamaliabarros.com\/index.php\/wp-json\/wp\/v2\/types\/product"}],"wp:featuredmedia":[{"embeddable":true,"href":"https:\/\/atelieamaliabarros.com\/index.php\/wp-json\/wp\/v2\/media\/9421"}],"wp:attachment":[{"href":"https:\/\/atelieamaliabarros.com\/index.php\/wp-json\/wp\/v2\/media?parent=9416"}],"wp:term":[{"taxonomy":"product_brand","embeddable":true,"href":"https:\/\/atelieamaliabarros.com\/index.php\/wp-json\/wp\/v2\/product_brand?post=9416"},{"taxonomy":"product_cat","embeddable":true,"href":"https:\/\/atelieamaliabarros.com\/index.php\/wp-json\/wp\/v2\/product_cat?post=9416"},{"taxonomy":"product_tag","embeddable":true,"href":"https:\/\/atelieamaliabarros.com\/index.php\/wp-json\/wp\/v2\/product_tag?post=9416"}],"curies":[{"name":"wp","href":"https:\/\/api.w.org\/{rel}","templated":true}]}}