{"id":9274,"date":"2024-08-18T22:23:52","date_gmt":"2024-08-18T22:23:52","guid":{"rendered":"https:\/\/atelieamaliabarros.com\/?post_type=product&#038;p=9274"},"modified":"2026-05-01T17:37:05","modified_gmt":"2026-05-01T17:37:05","slug":"nossa-senhora-das-gracas-manto-com-babados-1-modelo-padrao-pdf-digital-copia-copia","status":"publish","type":"product","link":"https:\/\/atelieamaliabarros.com\/index.php\/produto\/nossa-senhora-das-gracas-manto-com-babados-1-modelo-padrao-pdf-digital-copia-copia\/","title":{"rendered":"NOSSA SENHORA DAS GRA\u00c7AS MANTO COM BABADOS (1 MODELO) PADR\u00c3O PDF DIGITAL"},"content":{"rendered":"","protected":false},"excerpt":{"rendered":"<p><strong><span style=\"color: #7d7873; font-family: museo_sans, sans-serif;\">OBS: (RECEBER\u00c1 UM ARQUIVO DIGITAL) PADR\u00c3O RECEITA EM PDF NOSSA SENHORA DAS GRA\u00c7AS EM CROCH\u00ca<\/span><\/strong><\/p>\n<p><strong>Consta nesse PDF a Receita do Corpinho, do Manto com Babado, da Cobrinha, do Len\u00e7o e da Aur\u00e9ola com 12 Estrelas.<\/strong><\/p>\n<p><strong><span style=\"color: #7d7873; font-family: museo_sans, sans-serif;\">Com esta receita poder\u00e1 confeccionar 1 modelo de Nossa Senhora das Gra\u00e7as com Manto com Babados (apenas 1 modelo Manto com Babados) como mostra as fotos.<\/span><\/strong><\/p>\n<p><br style=\"color: #7d7873; font-family: museo_sans, sans-serif;\" \/><strong><span style=\"color: #7d7873; font-family: museo_sans, sans-serif;\">Este padr\u00e3o \u00e9 registrado Copyright \u00a9 Ateli\u00ea Am\u00e1lia Barros \u2013 2022 Todos os direitos<\/span><\/strong><br style=\"color: #7d7873; font-family: museo_sans, sans-serif;\" \/><strong><span style=\"color: #7d7873; font-family: museo_sans, sans-serif;\">reservados.<\/span><\/strong><\/p>\n","protected":false},"featured_media":9287,"template":"","meta":[],"product_brand":[],"product_cat":[108],"product_tag":[],"class_list":{"0":"post-9274","1":"product","2":"type-product","3":"status-publish","4":"has-post-thumbnail","6":"product_cat-pdf-digital-receitas-de-santinhas","8":"first","9":"instock","10":"sale","11":"downloadable","12":"virtual","13":"sold-individually","14":"taxable","15":"purchasable","16":"product-type-simple"},"_links":{"self":[{"href":"https:\/\/atelieamaliabarros.com\/index.php\/wp-json\/wp\/v2\/product\/9274","targetHints":{"allow":["GET"]}}],"collection":[{"href":"https:\/\/atelieamaliabarros.com\/index.php\/wp-json\/wp\/v2\/product"}],"about":[{"href":"https:\/\/atelieamaliabarros.com\/index.php\/wp-json\/wp\/v2\/types\/product"}],"wp:featuredmedia":[{"embeddable":true,"href":"https:\/\/atelieamaliabarros.com\/index.php\/wp-json\/wp\/v2\/media\/9287"}],"wp:attachment":[{"href":"https:\/\/atelieamaliabarros.com\/index.php\/wp-json\/wp\/v2\/media?parent=9274"}],"wp:term":[{"taxonomy":"product_brand","embeddable":true,"href":"https:\/\/atelieamaliabarros.com\/index.php\/wp-json\/wp\/v2\/product_brand?post=9274"},{"taxonomy":"product_cat","embeddable":true,"href":"https:\/\/atelieamaliabarros.com\/index.php\/wp-json\/wp\/v2\/product_cat?post=9274"},{"taxonomy":"product_tag","embeddable":true,"href":"https:\/\/atelieamaliabarros.com\/index.php\/wp-json\/wp\/v2\/product_tag?post=9274"}],"curies":[{"name":"wp","href":"https:\/\/api.w.org\/{rel}","templated":true}]}}