{"id":9265,"date":"2024-08-18T22:04:28","date_gmt":"2024-08-18T22:04:28","guid":{"rendered":"https:\/\/atelieamaliabarros.com\/?post_type=product&#038;p=9265"},"modified":"2026-02-28T21:07:29","modified_gmt":"2026-02-28T21:07:29","slug":"nossa-senhora-das-gracas-manto-simples-1-modelo-padrao-pdf-digital","status":"publish","type":"product","link":"https:\/\/atelieamaliabarros.com\/index.php\/produto\/nossa-senhora-das-gracas-manto-simples-1-modelo-padrao-pdf-digital\/","title":{"rendered":"NOSSA SENHORA DAS GRA\u00c7AS MANTO SIMPLES (1 MODELO) PADR\u00c3O PDF DIGITAL"},"content":{"rendered":"","protected":false},"excerpt":{"rendered":"<p><strong><span style=\"color: #7d7873; font-family: museo_sans, sans-serif;\">OBS: (RECEBER\u00c1 UM ARQUIVO DIGITAL) PADR\u00c3O RECEITA EM PDF NOSSA SENHORA DAS GRA\u00c7AS EM CROCH\u00ca<\/span><\/strong><\/p>\n<p><strong>Consta nesse PDF a Receita do Corpinho, do Manto Simples, da Cobrinha, do Cord\u00e3o da Cintura, do Len\u00e7o e da Aur\u00e9ola com 12 Estrelas.<\/strong><\/p>\n<p><strong><span style=\"color: #7d7873; font-family: museo_sans, sans-serif;\">Com esta receita poder\u00e1 confeccionar 1 modelos de Nossa Senhora das Gra\u00e7as com Manto Simples (apenas 1 modelo Manto Simples) como mostra as fotos.<\/span><\/strong><\/p>\n<p><strong><span style=\"color: #7d7873; font-family: museo_sans, sans-serif;\">Este padr\u00e3o \u00e9 registrado Copyright \u00a9 Ateli\u00ea Am\u00e1lia Barros \u2013 2022 Todos os direitos<\/span><\/strong><br style=\"color: #7d7873; font-family: museo_sans, sans-serif;\" \/><strong><span style=\"color: #7d7873; font-family: museo_sans, sans-serif;\">reservados.<\/span><\/strong><\/p>\n","protected":false},"featured_media":9288,"template":"","meta":[],"product_brand":[],"product_cat":[108],"product_tag":[],"class_list":{"0":"post-9265","1":"product","2":"type-product","3":"status-publish","4":"has-post-thumbnail","6":"product_cat-pdf-digital-receitas-de-santinhas","8":"first","9":"instock","10":"sale","11":"downloadable","12":"virtual","13":"sold-individually","14":"taxable","15":"purchasable","16":"product-type-simple"},"_links":{"self":[{"href":"https:\/\/atelieamaliabarros.com\/index.php\/wp-json\/wp\/v2\/product\/9265","targetHints":{"allow":["GET"]}}],"collection":[{"href":"https:\/\/atelieamaliabarros.com\/index.php\/wp-json\/wp\/v2\/product"}],"about":[{"href":"https:\/\/atelieamaliabarros.com\/index.php\/wp-json\/wp\/v2\/types\/product"}],"wp:featuredmedia":[{"embeddable":true,"href":"https:\/\/atelieamaliabarros.com\/index.php\/wp-json\/wp\/v2\/media\/9288"}],"wp:attachment":[{"href":"https:\/\/atelieamaliabarros.com\/index.php\/wp-json\/wp\/v2\/media?parent=9265"}],"wp:term":[{"taxonomy":"product_brand","embeddable":true,"href":"https:\/\/atelieamaliabarros.com\/index.php\/wp-json\/wp\/v2\/product_brand?post=9265"},{"taxonomy":"product_cat","embeddable":true,"href":"https:\/\/atelieamaliabarros.com\/index.php\/wp-json\/wp\/v2\/product_cat?post=9265"},{"taxonomy":"product_tag","embeddable":true,"href":"https:\/\/atelieamaliabarros.com\/index.php\/wp-json\/wp\/v2\/product_tag?post=9265"}],"curies":[{"name":"wp","href":"https:\/\/api.w.org\/{rel}","templated":true}]}}