{"id":9130,"date":"2024-06-11T10:36:20","date_gmt":"2024-06-11T10:36:20","guid":{"rendered":"https:\/\/atelieamaliabarros.com\/?post_type=product&#038;p=9130"},"modified":"2025-01-16T19:56:58","modified_gmt":"2025-01-16T19:56:58","slug":"amigurumi-santinho-sao-bento-2","status":"publish","type":"product","link":"https:\/\/atelieamaliabarros.com\/index.php\/produto\/amigurumi-santinho-sao-bento-2\/","title":{"rendered":"Y &#8211; Pronta Entrega Santinho S\u00e3o Bento"},"content":{"rendered":"<p>Nessa compra voc\u00ea receber\u00e1 1 Amigurumi do Santinho S\u00e3o Bento na cor preta com aproximadamente 24 cm at\u00e9 o topo da cabe\u00e7a exatamente como est\u00e1 na foto (com a b\u00edblia e o corvo em cima da pedra).<\/p>\n","protected":false},"excerpt":{"rendered":"<p>Nessa compra voc\u00ea receber\u00e1 1 Amigurumi do Santinho S\u00e3o Bento na cor preta com aproximadamente 24 cm at\u00e9 o topo da cabe\u00e7a exatamente como est\u00e1 na foto (com a b\u00edblia e o corvo em cima da pedra).<\/p>\n","protected":false},"featured_media":9104,"template":"","meta":[],"product_brand":[],"product_cat":[30],"product_tag":[],"class_list":{"0":"post-9130","1":"product","2":"type-product","3":"status-publish","4":"has-post-thumbnail","6":"product_cat-santinha-em-amigurumi","8":"first","9":"instock","10":"taxable","11":"shipping-taxable","12":"purchasable","13":"product-type-simple"},"_links":{"self":[{"href":"https:\/\/atelieamaliabarros.com\/index.php\/wp-json\/wp\/v2\/product\/9130","targetHints":{"allow":["GET"]}}],"collection":[{"href":"https:\/\/atelieamaliabarros.com\/index.php\/wp-json\/wp\/v2\/product"}],"about":[{"href":"https:\/\/atelieamaliabarros.com\/index.php\/wp-json\/wp\/v2\/types\/product"}],"wp:featuredmedia":[{"embeddable":true,"href":"https:\/\/atelieamaliabarros.com\/index.php\/wp-json\/wp\/v2\/media\/9104"}],"wp:attachment":[{"href":"https:\/\/atelieamaliabarros.com\/index.php\/wp-json\/wp\/v2\/media?parent=9130"}],"wp:term":[{"taxonomy":"product_brand","embeddable":true,"href":"https:\/\/atelieamaliabarros.com\/index.php\/wp-json\/wp\/v2\/product_brand?post=9130"},{"taxonomy":"product_cat","embeddable":true,"href":"https:\/\/atelieamaliabarros.com\/index.php\/wp-json\/wp\/v2\/product_cat?post=9130"},{"taxonomy":"product_tag","embeddable":true,"href":"https:\/\/atelieamaliabarros.com\/index.php\/wp-json\/wp\/v2\/product_tag?post=9130"}],"curies":[{"name":"wp","href":"https:\/\/api.w.org\/{rel}","templated":true}]}}