{"id":9126,"date":"2024-06-11T10:17:30","date_gmt":"2024-06-11T10:17:30","guid":{"rendered":"https:\/\/atelieamaliabarros.com\/?post_type=product&#038;p=9126"},"modified":"2025-01-16T20:02:23","modified_gmt":"2025-01-16T20:02:23","slug":"amigurumi-santinho-sao-francisco-de-assis","status":"publish","type":"product","link":"https:\/\/atelieamaliabarros.com\/index.php\/produto\/amigurumi-santinho-sao-francisco-de-assis\/","title":{"rendered":"Y &#8211; Pronta Entrega Santinho S\u00e3o Francisco de Assis"},"content":{"rendered":"<p>Nessa compra voc\u00ea receber\u00e1 1 Amigurumi do Santinho S\u00e3o Francisco de Assis com aproximadamente 25 cm at\u00e9 a aureola exatamente como est\u00e1 na foto (com 2 cachorrinhos de ch\u00e3o, 1 cachorrinho de colo, 1 gatinho e 1 pombinha).<\/p>\n","protected":false},"excerpt":{"rendered":"<p>Nessa compra voc\u00ea receber\u00e1 1 Amigurumi do Santinho S\u00e3o Francisco de Assis com aproximadamente 25 cm at\u00e9 a aureola exatamente como est\u00e1 na foto (com 2 cachorrinhos de ch\u00e3o, 1 cachorrinho de colo, 1 gatinho e 1 pombinha).<\/p>\n","protected":false},"featured_media":9092,"template":"","meta":[],"product_brand":[],"product_cat":[30],"product_tag":[112,114,111,110,113,109],"class_list":{"0":"post-9126","1":"product","2":"type-product","3":"status-publish","4":"has-post-thumbnail","6":"product_cat-santinha-em-amigurumi","7":"product_tag-amigurumi","8":"product_tag-amigurumi-sao-francisco","9":"product_tag-pronta-entrega","10":"product_tag-santinho","11":"product_tag-santinho-a-pronta-entrega","12":"product_tag-sao-francisco-de-assis","14":"first","15":"instock","16":"taxable","17":"shipping-taxable","18":"purchasable","19":"product-type-simple"},"_links":{"self":[{"href":"https:\/\/atelieamaliabarros.com\/index.php\/wp-json\/wp\/v2\/product\/9126","targetHints":{"allow":["GET"]}}],"collection":[{"href":"https:\/\/atelieamaliabarros.com\/index.php\/wp-json\/wp\/v2\/product"}],"about":[{"href":"https:\/\/atelieamaliabarros.com\/index.php\/wp-json\/wp\/v2\/types\/product"}],"wp:featuredmedia":[{"embeddable":true,"href":"https:\/\/atelieamaliabarros.com\/index.php\/wp-json\/wp\/v2\/media\/9092"}],"wp:attachment":[{"href":"https:\/\/atelieamaliabarros.com\/index.php\/wp-json\/wp\/v2\/media?parent=9126"}],"wp:term":[{"taxonomy":"product_brand","embeddable":true,"href":"https:\/\/atelieamaliabarros.com\/index.php\/wp-json\/wp\/v2\/product_brand?post=9126"},{"taxonomy":"product_cat","embeddable":true,"href":"https:\/\/atelieamaliabarros.com\/index.php\/wp-json\/wp\/v2\/product_cat?post=9126"},{"taxonomy":"product_tag","embeddable":true,"href":"https:\/\/atelieamaliabarros.com\/index.php\/wp-json\/wp\/v2\/product_tag?post=9126"}],"curies":[{"name":"wp","href":"https:\/\/api.w.org\/{rel}","templated":true}]}}