{"id":9116,"date":"2024-06-10T01:48:27","date_gmt":"2024-06-10T01:48:27","guid":{"rendered":"https:\/\/atelieamaliabarros.com\/index.php\/produto\/apostila-colecao-de-assis-sao-francisco-e-santa-clara-padrao-pdf-digital\/"},"modified":"2025-06-05T10:31:46","modified_gmt":"2025-06-05T10:31:46","slug":"apostila-colecao-de-assis-sao-francisco-e-santa-clara-padrao-pdf-digital","status":"publish","type":"product","link":"https:\/\/atelieamaliabarros.com\/index.php\/produto\/apostila-colecao-de-assis-sao-francisco-e-santa-clara-padrao-pdf-digital\/","title":{"rendered":"S\u00c3O FRANCISCO DE ASSIS E SANTA CLARA COLE\u00c7\u00c3O DE ASSIS PADR\u00c3O PDF DIGITAL"},"content":{"rendered":"","protected":false},"excerpt":{"rendered":"<p><span style=\"color: #7d7873; font-family: museo_sans, sans-serif;\">OBS: (RECEBER\u00c1 UM ARQUIVO DIGITAL) PADR\u00c3O RECEITA EM PDF S\u00c3O FRANCISCO DE ASSIS E SANTA CLARA DE ASSIS EM CROCH\u00ca<\/span><\/p>\n<p><br style=\"color: #7d7873; font-family: museo_sans, sans-serif;\" \/><span style=\"color: #7d7873; font-family: museo_sans, sans-serif;\">Com esta receita poder\u00e1 confeccionar o S\u00e3o Francisco de Assis com capuz com todas as suas vestes, o Cachorrinho de chao, o Cachorrinho de colo, o Gatinho, a Pombinha e tudo mais est\u00e1 na foto e tamb\u00e9m\u00a0<\/span><span style=\"color: #7d7873; font-family: museo_sans, sans-serif;\">poder\u00e1 confeccionar a Santa Clara de Assis com todas as suas vestes, a B\u00edblia, os L\u00edrios, a Toalhinha do Ostens\u00f3rio e tudo mais est\u00e1 na foto.<\/span><\/p>\n<p><br style=\"color: #7d7873; font-family: museo_sans, sans-serif;\" \/><span style=\"color: #7d7873; font-family: museo_sans, sans-serif;\">Este padr\u00e3o \u00e9 registrado Copyritght \u00a9 Ateli\u00ea Am\u00e1lia Barros \u2013 2022 Todos os direitos<\/span><br style=\"color: #7d7873; font-family: museo_sans, sans-serif;\" \/><span style=\"color: #7d7873; font-family: museo_sans, sans-serif;\">reservados.<\/span><\/p>\n","protected":false},"featured_media":9117,"template":"","meta":[],"product_brand":[],"product_cat":[108],"product_tag":[],"class_list":{"0":"post-9116","1":"product","2":"type-product","3":"status-publish","4":"has-post-thumbnail","6":"product_cat-pdf-digital-receitas-de-santinhas","8":"first","9":"instock","10":"sale","11":"downloadable","12":"virtual","13":"sold-individually","14":"taxable","15":"purchasable","16":"product-type-simple"},"_links":{"self":[{"href":"https:\/\/atelieamaliabarros.com\/index.php\/wp-json\/wp\/v2\/product\/9116","targetHints":{"allow":["GET"]}}],"collection":[{"href":"https:\/\/atelieamaliabarros.com\/index.php\/wp-json\/wp\/v2\/product"}],"about":[{"href":"https:\/\/atelieamaliabarros.com\/index.php\/wp-json\/wp\/v2\/types\/product"}],"wp:featuredmedia":[{"embeddable":true,"href":"https:\/\/atelieamaliabarros.com\/index.php\/wp-json\/wp\/v2\/media\/9117"}],"wp:attachment":[{"href":"https:\/\/atelieamaliabarros.com\/index.php\/wp-json\/wp\/v2\/media?parent=9116"}],"wp:term":[{"taxonomy":"product_brand","embeddable":true,"href":"https:\/\/atelieamaliabarros.com\/index.php\/wp-json\/wp\/v2\/product_brand?post=9116"},{"taxonomy":"product_cat","embeddable":true,"href":"https:\/\/atelieamaliabarros.com\/index.php\/wp-json\/wp\/v2\/product_cat?post=9116"},{"taxonomy":"product_tag","embeddable":true,"href":"https:\/\/atelieamaliabarros.com\/index.php\/wp-json\/wp\/v2\/product_tag?post=9116"}],"curies":[{"name":"wp","href":"https:\/\/api.w.org\/{rel}","templated":true}]}}