{"id":9082,"date":"2024-06-10T00:52:40","date_gmt":"2024-06-10T00:52:40","guid":{"rendered":"https:\/\/atelieamaliabarros.com\/index.php\/produto\/apostila-santa-clara-de-assis-padrao-pdf-digital\/"},"modified":"2026-02-28T21:09:32","modified_gmt":"2026-02-28T21:09:32","slug":"apostila-santa-clara-de-assis-padrao-pdf-digital","status":"publish","type":"product","link":"https:\/\/atelieamaliabarros.com\/index.php\/produto\/apostila-santa-clara-de-assis-padrao-pdf-digital\/","title":{"rendered":"SANTA CLARA DE ASSIS PADR\u00c3O PDF DIGITAL"},"content":{"rendered":"","protected":false},"excerpt":{"rendered":"<p><span style=\"color: #7d7873; font-family: museo_sans, sans-serif;\">OBS: (RECEBER\u00c1 UM ARQUIVO DIGITAL) PADR\u00c3O RECEITA EM PDF SANTA CLARA DE ASSIS EM CROCH\u00ca<\/span><\/p>\n<p><br style=\"color: #7d7873; font-family: museo_sans, sans-serif;\" \/><span style=\"color: #7d7873; font-family: museo_sans, sans-serif;\">Com esta receita poder\u00e1 confeccionar a Santa Clara de Assis com todas as suas vestes, a B\u00edblia, os L\u00edrios, a Toalhinha do Ostens\u00f3rio e tudo mais est\u00e1 na foto.<\/span><\/p>\n<p><br style=\"color: #7d7873; font-family: museo_sans, sans-serif;\" \/><span style=\"color: #7d7873; font-family: museo_sans, sans-serif;\">Este padr\u00e3o \u00e9 registrado Copyritght \u00a9 Ateli\u00ea Am\u00e1lia Barros \u2013 2022 Todos os direitos<\/span><br style=\"color: #7d7873; font-family: museo_sans, sans-serif;\" \/><span style=\"color: #7d7873; font-family: museo_sans, sans-serif;\">reservados.<\/span><\/p>\n","protected":false},"featured_media":9109,"template":"","meta":[],"product_brand":[],"product_cat":[108],"product_tag":[],"class_list":{"0":"post-9082","1":"product","2":"type-product","3":"status-publish","4":"has-post-thumbnail","6":"product_cat-pdf-digital-receitas-de-santinhas","8":"first","9":"instock","10":"sale","11":"downloadable","12":"virtual","13":"sold-individually","14":"taxable","15":"purchasable","16":"product-type-simple"},"_links":{"self":[{"href":"https:\/\/atelieamaliabarros.com\/index.php\/wp-json\/wp\/v2\/product\/9082","targetHints":{"allow":["GET"]}}],"collection":[{"href":"https:\/\/atelieamaliabarros.com\/index.php\/wp-json\/wp\/v2\/product"}],"about":[{"href":"https:\/\/atelieamaliabarros.com\/index.php\/wp-json\/wp\/v2\/types\/product"}],"wp:featuredmedia":[{"embeddable":true,"href":"https:\/\/atelieamaliabarros.com\/index.php\/wp-json\/wp\/v2\/media\/9109"}],"wp:attachment":[{"href":"https:\/\/atelieamaliabarros.com\/index.php\/wp-json\/wp\/v2\/media?parent=9082"}],"wp:term":[{"taxonomy":"product_brand","embeddable":true,"href":"https:\/\/atelieamaliabarros.com\/index.php\/wp-json\/wp\/v2\/product_brand?post=9082"},{"taxonomy":"product_cat","embeddable":true,"href":"https:\/\/atelieamaliabarros.com\/index.php\/wp-json\/wp\/v2\/product_cat?post=9082"},{"taxonomy":"product_tag","embeddable":true,"href":"https:\/\/atelieamaliabarros.com\/index.php\/wp-json\/wp\/v2\/product_tag?post=9082"}],"curies":[{"name":"wp","href":"https:\/\/api.w.org\/{rel}","templated":true}]}}