{"id":8796,"date":"2024-01-22T19:17:50","date_gmt":"2024-01-22T19:17:50","guid":{"rendered":"https:\/\/atelieamaliabarros.com\/index.php\/produto\/apostila-colecao-animais-do-presepio-camelo-vaca-jumento-ovelha-padrao-pdf-digital\/"},"modified":"2025-09-06T20:46:44","modified_gmt":"2025-09-06T20:46:44","slug":"apostila-colecao-animais-do-presepio-camelo-vaca-jumento-ovelha-padrao-pdf-digital","status":"publish","type":"product","link":"https:\/\/atelieamaliabarros.com\/index.php\/produto\/apostila-colecao-animais-do-presepio-camelo-vaca-jumento-ovelha-padrao-pdf-digital\/","title":{"rendered":"ANIMAIS DO PRES\u00c9PIO COLE\u00c7\u00c3O CAMELO 20 X 24 CM + VACA 12 X 18 CM + JUMENTO 11 X 18 CM + OVELHA 9 X 9 CM PDF DIGITAL"},"content":{"rendered":"","protected":false},"excerpt":{"rendered":"<p><span style=\"color: #7d7873; font-family: museo_sans, sans-serif;\">OBS: (RECEBER\u00c1 UM ARQUIVO DIGITAL) PADR\u00c3O RECEITA EM PDF COLE\u00c7\u00c3O CAMELO 20&#215;24 + VACA 12&#215;18 + JUMENTO 11&#215;18 + OVELHA 9&#215;9 EM CROCH\u00ca<\/span><\/p>\n<p><br style=\"color: #7d7873; font-family: museo_sans, sans-serif;\" \/><span style=\"color: #7d7873; font-family: museo_sans, sans-serif;\">Com esta receita poder\u00e1 confeccionar todos os Animais do Pres\u00e9pio em croch\u00ea com tudo que est\u00e1 na foto.<\/span><\/p>\n<p><br style=\"color: #7d7873; font-family: museo_sans, sans-serif;\" \/><span style=\"color: #7d7873; font-family: museo_sans, sans-serif;\">Este padr\u00e3o \u00e9 registrado Copyright \u00a9 Ateli\u00ea Am\u00e1lia Barros \u2013 2022 Todos os direitos<\/span><br style=\"color: #7d7873; font-family: museo_sans, sans-serif;\" \/><span style=\"color: #7d7873; font-family: museo_sans, sans-serif;\">reservados.<\/span><\/p>\n","protected":false},"featured_media":8798,"template":"","meta":[],"product_brand":[],"product_cat":[108],"product_tag":[],"class_list":{"0":"post-8796","1":"product","2":"type-product","3":"status-publish","4":"has-post-thumbnail","6":"product_cat-pdf-digital-receitas-de-santinhas","8":"first","9":"instock","10":"sale","11":"downloadable","12":"virtual","13":"sold-individually","14":"taxable","15":"purchasable","16":"product-type-simple"},"_links":{"self":[{"href":"https:\/\/atelieamaliabarros.com\/index.php\/wp-json\/wp\/v2\/product\/8796","targetHints":{"allow":["GET"]}}],"collection":[{"href":"https:\/\/atelieamaliabarros.com\/index.php\/wp-json\/wp\/v2\/product"}],"about":[{"href":"https:\/\/atelieamaliabarros.com\/index.php\/wp-json\/wp\/v2\/types\/product"}],"wp:featuredmedia":[{"embeddable":true,"href":"https:\/\/atelieamaliabarros.com\/index.php\/wp-json\/wp\/v2\/media\/8798"}],"wp:attachment":[{"href":"https:\/\/atelieamaliabarros.com\/index.php\/wp-json\/wp\/v2\/media?parent=8796"}],"wp:term":[{"taxonomy":"product_brand","embeddable":true,"href":"https:\/\/atelieamaliabarros.com\/index.php\/wp-json\/wp\/v2\/product_brand?post=8796"},{"taxonomy":"product_cat","embeddable":true,"href":"https:\/\/atelieamaliabarros.com\/index.php\/wp-json\/wp\/v2\/product_cat?post=8796"},{"taxonomy":"product_tag","embeddable":true,"href":"https:\/\/atelieamaliabarros.com\/index.php\/wp-json\/wp\/v2\/product_tag?post=8796"}],"curies":[{"name":"wp","href":"https:\/\/api.w.org\/{rel}","templated":true}]}}