{"id":8747,"date":"2024-01-21T00:32:25","date_gmt":"2024-01-21T00:32:25","guid":{"rendered":"https:\/\/atelieamaliabarros.com\/index.php\/produto\/apostila-e-book-nossa-senhora-das-gracas-padrao-pdf-digital\/"},"modified":"2026-04-14T19:59:10","modified_gmt":"2026-04-14T19:59:10","slug":"apostila-e-book-nossa-senhora-das-gracas-padrao-pdf-digital","status":"publish","type":"product","link":"https:\/\/atelieamaliabarros.com\/index.php\/produto\/apostila-e-book-nossa-senhora-das-gracas-padrao-pdf-digital\/","title":{"rendered":"NOSSA SENHORA DAS GRA\u00c7AS E-BOOK 24 CM (4 MODELOS) PADR\u00c3O PDF DIGITAL"},"content":{"rendered":"","protected":false},"excerpt":{"rendered":"<p><strong><span style=\"color: #7d7873; font-family: museo_sans, sans-serif;\">OBS: (RECEBER\u00c1 UM ARQUIVO DIGITAL) PADR\u00c3O RECEITA EM PDF E-BOOK NOSSA SENHORA DAS GRA\u00c7AS EM CROCH\u00ca<\/span><\/strong><\/p>\n<p><strong><span style=\"color: #7d7873; font-family: museo_sans, sans-serif;\">Com esta receita poder\u00e1 confeccionar 4 modelos de Nossa Senhora das Gra\u00e7as (4 modelos de mantos diferentes, Manto Simples, Manto com Leques, Manto com Babados e Manto Duplo). Dentro desse E-book tem tamb\u00e9m a Receita do Corpinho, da Aur\u00e9ola com 12 Estrelas, da Cobrinha, da Cobrinha Alongada, da Coroa e do Len\u00e7o como mostra os modelos nas fotos.<\/span><\/strong><\/p>\n<p><strong><span style=\"color: #7d7873; font-family: museo_sans, sans-serif;\">Este padr\u00e3o \u00e9 registrado Copyright \u00a9 Ateli\u00ea Am\u00e1lia Barros \u2013 2022 Todos os direitos<\/span><\/strong><br style=\"color: #7d7873; font-family: museo_sans, sans-serif;\" \/><strong><span style=\"color: #7d7873; font-family: museo_sans, sans-serif;\">reservados.<\/span><\/strong><\/p>\n","protected":false},"featured_media":9291,"template":"","meta":[],"product_brand":[],"product_cat":[108],"product_tag":[],"class_list":{"0":"post-8747","1":"product","2":"type-product","3":"status-publish","4":"has-post-thumbnail","6":"product_cat-pdf-digital-receitas-de-santinhas","8":"first","9":"instock","10":"sale","11":"downloadable","12":"virtual","13":"sold-individually","14":"taxable","15":"purchasable","16":"product-type-simple"},"_links":{"self":[{"href":"https:\/\/atelieamaliabarros.com\/index.php\/wp-json\/wp\/v2\/product\/8747","targetHints":{"allow":["GET"]}}],"collection":[{"href":"https:\/\/atelieamaliabarros.com\/index.php\/wp-json\/wp\/v2\/product"}],"about":[{"href":"https:\/\/atelieamaliabarros.com\/index.php\/wp-json\/wp\/v2\/types\/product"}],"wp:featuredmedia":[{"embeddable":true,"href":"https:\/\/atelieamaliabarros.com\/index.php\/wp-json\/wp\/v2\/media\/9291"}],"wp:attachment":[{"href":"https:\/\/atelieamaliabarros.com\/index.php\/wp-json\/wp\/v2\/media?parent=8747"}],"wp:term":[{"taxonomy":"product_brand","embeddable":true,"href":"https:\/\/atelieamaliabarros.com\/index.php\/wp-json\/wp\/v2\/product_brand?post=8747"},{"taxonomy":"product_cat","embeddable":true,"href":"https:\/\/atelieamaliabarros.com\/index.php\/wp-json\/wp\/v2\/product_cat?post=8747"},{"taxonomy":"product_tag","embeddable":true,"href":"https:\/\/atelieamaliabarros.com\/index.php\/wp-json\/wp\/v2\/product_tag?post=8747"}],"curies":[{"name":"wp","href":"https:\/\/api.w.org\/{rel}","templated":true}]}}