{"id":8445,"date":"2023-10-15T08:40:09","date_gmt":"2023-10-15T08:40:09","guid":{"rendered":"https:\/\/atelieamaliabarros.com\/index.php\/produto\/receita-pdf-digital-padrao-anjo-24-cm\/"},"modified":"2026-02-28T21:10:58","modified_gmt":"2026-02-28T21:10:58","slug":"receita-pdf-digital-padrao-anjo-24-cm","status":"publish","type":"product","link":"https:\/\/atelieamaliabarros.com\/index.php\/produto\/receita-pdf-digital-padrao-anjo-24-cm\/","title":{"rendered":"ANJO GABRIEL E ANJINHA 24 CM PADR\u00c3O PDF DIGITAL"},"content":{"rendered":"","protected":false},"excerpt":{"rendered":"<p><span style=\"color: #7d7873; font-family: museo_sans, sans-serif;\">OBS: (RECEBER\u00c1 UM ARQUIVO DIGITAL) PADR\u00c3O RECEITA EM PDF DOS ANJOS 24 CM EM CROCH\u00ca<\/span><\/p>\n<p><br style=\"color: #7d7873; font-family: museo_sans, sans-serif;\" \/><span style=\"color: #7d7873; font-family: museo_sans, sans-serif;\">Com esta receita poder\u00e1 confeccionar um Anjo e uma Anjinha de croch\u00ea com tudo que est\u00e1 na foto.<\/span><\/p>\n<p><br style=\"color: #7d7873; font-family: museo_sans, sans-serif;\" \/><span style=\"color: #7d7873; font-family: museo_sans, sans-serif;\">Este padr\u00e3o \u00e9 registrado Copyright \u00a9 Ateli\u00ea Am\u00e1lia Barros \u2013 2022 Todos os direitos<\/span><br style=\"color: #7d7873; font-family: museo_sans, sans-serif;\" \/><span style=\"color: #7d7873; font-family: museo_sans, sans-serif;\">reservados.<\/span><\/p>\n","protected":false},"featured_media":8527,"template":"","meta":[],"product_brand":[],"product_cat":[108],"product_tag":[],"class_list":{"0":"post-8445","1":"product","2":"type-product","3":"status-publish","4":"has-post-thumbnail","6":"product_cat-pdf-digital-receitas-de-santinhas","8":"first","9":"instock","10":"sale","11":"downloadable","12":"virtual","13":"sold-individually","14":"taxable","15":"purchasable","16":"product-type-simple"},"_links":{"self":[{"href":"https:\/\/atelieamaliabarros.com\/index.php\/wp-json\/wp\/v2\/product\/8445","targetHints":{"allow":["GET"]}}],"collection":[{"href":"https:\/\/atelieamaliabarros.com\/index.php\/wp-json\/wp\/v2\/product"}],"about":[{"href":"https:\/\/atelieamaliabarros.com\/index.php\/wp-json\/wp\/v2\/types\/product"}],"wp:featuredmedia":[{"embeddable":true,"href":"https:\/\/atelieamaliabarros.com\/index.php\/wp-json\/wp\/v2\/media\/8527"}],"wp:attachment":[{"href":"https:\/\/atelieamaliabarros.com\/index.php\/wp-json\/wp\/v2\/media?parent=8445"}],"wp:term":[{"taxonomy":"product_brand","embeddable":true,"href":"https:\/\/atelieamaliabarros.com\/index.php\/wp-json\/wp\/v2\/product_brand?post=8445"},{"taxonomy":"product_cat","embeddable":true,"href":"https:\/\/atelieamaliabarros.com\/index.php\/wp-json\/wp\/v2\/product_cat?post=8445"},{"taxonomy":"product_tag","embeddable":true,"href":"https:\/\/atelieamaliabarros.com\/index.php\/wp-json\/wp\/v2\/product_tag?post=8445"}],"curies":[{"name":"wp","href":"https:\/\/api.w.org\/{rel}","templated":true}]}}