{"id":8366,"date":"2023-08-15T23:06:29","date_gmt":"2023-08-15T23:06:29","guid":{"rendered":"https:\/\/atelieamaliabarros.com\/index.php\/produto\/receita-pdf-digital-padrao-tercinho-chaveiro-e-pingente-santa-rita-de-cassia-8-cm\/"},"modified":"2025-09-22T10:43:01","modified_gmt":"2025-09-22T10:43:01","slug":"receita-pdf-digital-padrao-tercinho-chaveiro-e-pingente-santa-rita-de-cassia-8-cm","status":"publish","type":"product","link":"https:\/\/atelieamaliabarros.com\/index.php\/produto\/receita-pdf-digital-padrao-tercinho-chaveiro-e-pingente-santa-rita-de-cassia-8-cm\/","title":{"rendered":"SANTA RITA DE C\u00c1SSIA MINI &#8211; TERCINHO + CHAVEIRO + PINGENTE DE CARRO COLE\u00c7\u00c3O PADR\u00c3O PDF DIGITAL"},"content":{"rendered":"","protected":false},"excerpt":{"rendered":"<p><span style=\"color: #7d7873; font-family: museo_sans, sans-serif;\">OBS: (RECEBER\u00c1 UM ARQUIVO DIGITAL) PADR\u00c3O RECEITA EM PDF DO TERCINHO, CHAVEIRO E PINGENTE DA SANTA RITA DE C\u00c1SSIA EM CROCH\u00ca (mini Santa Rita de C\u00e1ssia com aproximadamente 8 cm)<\/span><\/p>\n<p><br style=\"color: #7d7873; font-family: museo_sans, sans-serif;\" \/><span style=\"color: #7d7873; font-family: museo_sans, sans-serif;\">Com esta receita poder\u00e1 confeccionar 1 Mini Santinha de 8 cm, 2 modelos de Tercinhos, 1 Chaveiro, 2 modelos de Pingente de retrovisor de carro e 3 tamanhos de cora\u00e7\u00e3o de croch\u00ea.<\/span><\/p>\n<p><br style=\"color: #7d7873; font-family: museo_sans, sans-serif;\" \/><span style=\"color: #7d7873; font-family: museo_sans, sans-serif;\">Este padr\u00e3o \u00e9 registrado Copyright \u00a9 Ateli\u00ea Am\u00e1lia Barros \u2013 2022 Todos os direitos<\/span><br style=\"color: #7d7873; font-family: museo_sans, sans-serif;\" \/><span style=\"color: #7d7873; font-family: museo_sans, sans-serif;\">reservados.<\/span><\/p>\n","protected":false},"featured_media":8845,"template":"","meta":[],"product_brand":[],"product_cat":[108],"product_tag":[],"class_list":{"0":"post-8366","1":"product","2":"type-product","3":"status-publish","4":"has-post-thumbnail","6":"product_cat-pdf-digital-receitas-de-santinhas","8":"first","9":"instock","10":"sale","11":"downloadable","12":"virtual","13":"sold-individually","14":"taxable","15":"purchasable","16":"product-type-simple"},"_links":{"self":[{"href":"https:\/\/atelieamaliabarros.com\/index.php\/wp-json\/wp\/v2\/product\/8366","targetHints":{"allow":["GET"]}}],"collection":[{"href":"https:\/\/atelieamaliabarros.com\/index.php\/wp-json\/wp\/v2\/product"}],"about":[{"href":"https:\/\/atelieamaliabarros.com\/index.php\/wp-json\/wp\/v2\/types\/product"}],"wp:featuredmedia":[{"embeddable":true,"href":"https:\/\/atelieamaliabarros.com\/index.php\/wp-json\/wp\/v2\/media\/8845"}],"wp:attachment":[{"href":"https:\/\/atelieamaliabarros.com\/index.php\/wp-json\/wp\/v2\/media?parent=8366"}],"wp:term":[{"taxonomy":"product_brand","embeddable":true,"href":"https:\/\/atelieamaliabarros.com\/index.php\/wp-json\/wp\/v2\/product_brand?post=8366"},{"taxonomy":"product_cat","embeddable":true,"href":"https:\/\/atelieamaliabarros.com\/index.php\/wp-json\/wp\/v2\/product_cat?post=8366"},{"taxonomy":"product_tag","embeddable":true,"href":"https:\/\/atelieamaliabarros.com\/index.php\/wp-json\/wp\/v2\/product_tag?post=8366"}],"curies":[{"name":"wp","href":"https:\/\/api.w.org\/{rel}","templated":true}]}}