{"id":8313,"date":"2023-07-24T21:58:14","date_gmt":"2023-07-24T21:58:14","guid":{"rendered":"https:\/\/atelieamaliabarros.com\/index.php\/produto\/receita-pdf-digital-padrao-3-pastorinhos-articulados-2\/"},"modified":"2025-06-05T10:40:31","modified_gmt":"2025-06-05T10:40:31","slug":"receita-pdf-digital-padrao-3-pastorinhos-articulados-2","status":"publish","type":"product","link":"https:\/\/atelieamaliabarros.com\/index.php\/produto\/receita-pdf-digital-padrao-3-pastorinhos-articulados-2\/","title":{"rendered":"3 PASTORINHOS ARTICULADOS COLE\u00c7\u00c3O PADR\u00c3O PDF DIGITAL"},"content":{"rendered":"","protected":false},"excerpt":{"rendered":"<p><span style=\"color: #7d7873; font-family: museo_sans, sans-serif;\">OBS: (RECEBER\u00c1 UM ARQUIVO DIGITAL) PADR\u00c3O RECEITA EM PDF DOS 3 PASTORINHOS COM PERNINHAS ARTICULADAS<\/span><\/p>\n<p>Obs: Nessa receita n\u00e3o est\u00e1 incluso o PDF da Nossa Senhora de F\u00e1tima somente dos 3 Pastorinhos com Perninhas Articuladas.<\/p>\n<p><span style=\"color: #7d7873; font-family: museo_sans, sans-serif;\">Com esta receita poder\u00e1 confeccionar os 3 Pastorinhos Francisco, L\u00facia e Jacinta com perninhas e bracinhos articulados (corpinho com sapatinho e perninhas articuladas, bracinhos, casaco, len\u00e7o, saia e boina)<\/span><\/p>\n<p><br style=\"color: #7d7873; font-family: museo_sans, sans-serif;\" \/><span style=\"color: #7d7873; font-family: museo_sans, sans-serif;\">Este padr\u00e3o \u00e9 registrado Copyright \u00a9 Ateli\u00ea Am\u00e1lia Barros \u2013 2022 Todos os direitos<\/span><br style=\"color: #7d7873; font-family: museo_sans, sans-serif;\" \/><span style=\"color: #7d7873; font-family: museo_sans, sans-serif;\">reservados.<\/span><\/p>\n","protected":false},"featured_media":8312,"template":"","meta":[],"product_brand":[],"product_cat":[108],"product_tag":[],"class_list":{"0":"post-8313","1":"product","2":"type-product","3":"status-publish","4":"has-post-thumbnail","6":"product_cat-pdf-digital-receitas-de-santinhas","8":"first","9":"instock","10":"sale","11":"downloadable","12":"virtual","13":"sold-individually","14":"taxable","15":"purchasable","16":"product-type-simple"},"_links":{"self":[{"href":"https:\/\/atelieamaliabarros.com\/index.php\/wp-json\/wp\/v2\/product\/8313","targetHints":{"allow":["GET"]}}],"collection":[{"href":"https:\/\/atelieamaliabarros.com\/index.php\/wp-json\/wp\/v2\/product"}],"about":[{"href":"https:\/\/atelieamaliabarros.com\/index.php\/wp-json\/wp\/v2\/types\/product"}],"wp:featuredmedia":[{"embeddable":true,"href":"https:\/\/atelieamaliabarros.com\/index.php\/wp-json\/wp\/v2\/media\/8312"}],"wp:attachment":[{"href":"https:\/\/atelieamaliabarros.com\/index.php\/wp-json\/wp\/v2\/media?parent=8313"}],"wp:term":[{"taxonomy":"product_brand","embeddable":true,"href":"https:\/\/atelieamaliabarros.com\/index.php\/wp-json\/wp\/v2\/product_brand?post=8313"},{"taxonomy":"product_cat","embeddable":true,"href":"https:\/\/atelieamaliabarros.com\/index.php\/wp-json\/wp\/v2\/product_cat?post=8313"},{"taxonomy":"product_tag","embeddable":true,"href":"https:\/\/atelieamaliabarros.com\/index.php\/wp-json\/wp\/v2\/product_tag?post=8313"}],"curies":[{"name":"wp","href":"https:\/\/api.w.org\/{rel}","templated":true}]}}