{"id":8273,"date":"2023-07-02T02:51:42","date_gmt":"2023-07-02T02:51:42","guid":{"rendered":"https:\/\/atelieamaliabarros.com\/index.php\/produto\/receita-pdf-digital-padrao-santa-rita-de-cassia-24-cm-2\/"},"modified":"2026-02-28T21:12:19","modified_gmt":"2026-02-28T21:12:19","slug":"receita-pdf-digital-padrao-santa-rita-de-cassia-24-cm-2","status":"publish","type":"product","link":"https:\/\/atelieamaliabarros.com\/index.php\/produto\/receita-pdf-digital-padrao-santa-rita-de-cassia-24-cm-2\/","title":{"rendered":"SANTA RITA DE C\u00c1SSIA 24 CM PADR\u00c3O PDF DIGITAL"},"content":{"rendered":"","protected":false},"excerpt":{"rendered":"<p><strong>DOWNLOAD IMEDIATO<\/strong><\/p>\n<p>OBS: (RECEBER\u00c1 UM ARQUIVO DIGITAL) PADR\u00c3O RECEITA EM PDF DA SANTA RITA DE C\u00c1SSIA EM CROCH\u00ca (com aproximadamente 24 cm at\u00e9 a aureola)<\/p>\n<p>Com esta receita poder\u00e1 confeccionar uma linda Santa Rita de C\u00e1ssia em croch\u00ea como essa da foto.<\/p>\n<p>Nesse padr\u00e3o est\u00e1 incluso a receita do Corpo da Santinha, do H\u00e1bito Branco, do H\u00e1bito Preto, da Aureola, da Coroa de Espinhos, do Cord\u00e3o Da Cintura e do Barrado Da Base.<\/p>\n<p>Dentro do PDF h\u00e1 v\u00e1rias fotos de cada parte da Santinha para facilitar a confec\u00e7\u00e3o e tamb\u00e9m todas as cores e materiais que foram usados.<\/p>\n<p>Espero que goste do PDF que fiz com tanto carinho, fico sempre muito feliz em passar meu conhecimento e desejo que sua Santa Rita de C\u00e1ssia fique bem mais bonita que a minha.<\/p>\n<p>Este padr\u00e3o \u00e9 registrado Copyright \u00a9 Ateli\u00ea Am\u00e1lia Barros \u2013 2022 Todos os direitos<br \/>\nreservados.<\/p>\n","protected":false},"featured_media":8280,"template":"","meta":[],"product_brand":[],"product_cat":[108],"product_tag":[],"class_list":{"0":"post-8273","1":"product","2":"type-product","3":"status-publish","4":"has-post-thumbnail","6":"product_cat-pdf-digital-receitas-de-santinhas","8":"first","9":"instock","10":"sale","11":"downloadable","12":"virtual","13":"sold-individually","14":"taxable","15":"purchasable","16":"product-type-simple"},"_links":{"self":[{"href":"https:\/\/atelieamaliabarros.com\/index.php\/wp-json\/wp\/v2\/product\/8273","targetHints":{"allow":["GET"]}}],"collection":[{"href":"https:\/\/atelieamaliabarros.com\/index.php\/wp-json\/wp\/v2\/product"}],"about":[{"href":"https:\/\/atelieamaliabarros.com\/index.php\/wp-json\/wp\/v2\/types\/product"}],"wp:featuredmedia":[{"embeddable":true,"href":"https:\/\/atelieamaliabarros.com\/index.php\/wp-json\/wp\/v2\/media\/8280"}],"wp:attachment":[{"href":"https:\/\/atelieamaliabarros.com\/index.php\/wp-json\/wp\/v2\/media?parent=8273"}],"wp:term":[{"taxonomy":"product_brand","embeddable":true,"href":"https:\/\/atelieamaliabarros.com\/index.php\/wp-json\/wp\/v2\/product_brand?post=8273"},{"taxonomy":"product_cat","embeddable":true,"href":"https:\/\/atelieamaliabarros.com\/index.php\/wp-json\/wp\/v2\/product_cat?post=8273"},{"taxonomy":"product_tag","embeddable":true,"href":"https:\/\/atelieamaliabarros.com\/index.php\/wp-json\/wp\/v2\/product_tag?post=8273"}],"curies":[{"name":"wp","href":"https:\/\/api.w.org\/{rel}","templated":true}]}}