{"id":8224,"date":"2023-06-22T22:01:52","date_gmt":"2023-06-22T22:01:52","guid":{"rendered":"https:\/\/atelieamaliabarros.com\/index.php\/produto\/receita-pdf-digital-padrao-nossa-senhora-de-fatima-com-os-3-pastorinhos\/"},"modified":"2026-05-04T20:15:03","modified_gmt":"2026-05-04T20:15:03","slug":"receita-pdf-digital-padrao-nossa-senhora-de-fatima-com-os-3-pastorinhos","status":"publish","type":"product","link":"https:\/\/atelieamaliabarros.com\/index.php\/produto\/receita-pdf-digital-padrao-nossa-senhora-de-fatima-com-os-3-pastorinhos\/","title":{"rendered":"NOSSA SENHORA DE F\u00c1TIMA E-BOOK (3 MODELOS) COM OS 3 PASTORINHOS PADR\u00c3O PDF DIGITAL"},"content":{"rendered":"","protected":false},"excerpt":{"rendered":"<p><strong>DOWNLOAD IMEDIATO<\/strong><\/p>\n<p><strong><span style=\"color: #7d7873; font-family: museo_sans, sans-serif;\">OBS: (RECEBER\u00c1 UM ARQUIVO DIGITAL) PADR\u00c3O DA RECEITA EM PDF DA NOSSA SENHORA DE F\u00c1TIMA (24 CM AT\u00c9 A COROA) COM OS 3 PASTORINHOS EM CROCH\u00ca<\/span><\/strong><\/p>\n<p><br style=\"color: #7d7873; font-family: museo_sans, sans-serif;\" \/><span style=\"color: #7d7873; font-family: museo_sans, sans-serif;\">Com esta receita poder\u00e1 confeccionar Santinhas de croch\u00ea iguais a essas da foto, nesse padr\u00e3o est\u00e1 incluso a receita do Corpinho Com Cinturinha, 2 Modelos De Manto, da Pombinha, da Coroa Com Bola Vermelha, da Base Elevada, da Base De Ch\u00e3o e 2 receitas dos 3 Pastorinhos (1 receita no Fio Clea e 1 receita no Fio Bella).<\/span><\/p>\n<p><br style=\"color: #7d7873; font-family: museo_sans, sans-serif;\" \/><span style=\"color: #7d7873; font-family: museo_sans, sans-serif;\">Este padr\u00e3o \u00e9 registrado Copyright \u00a9 Ateli\u00ea Am\u00e1lia Barros \u2013 2022 Todos os direitos<\/span><br style=\"color: #7d7873; font-family: museo_sans, sans-serif;\" \/><span style=\"color: #7d7873; font-family: museo_sans, sans-serif;\">reservados.<\/span><\/p>\n","protected":false},"featured_media":8324,"template":"","meta":[],"product_brand":[],"product_cat":[108],"product_tag":[],"class_list":{"0":"post-8224","1":"product","2":"type-product","3":"status-publish","4":"has-post-thumbnail","6":"product_cat-pdf-digital-receitas-de-santinhas","8":"first","9":"instock","10":"sale","11":"downloadable","12":"virtual","13":"sold-individually","14":"taxable","15":"purchasable","16":"product-type-simple"},"_links":{"self":[{"href":"https:\/\/atelieamaliabarros.com\/index.php\/wp-json\/wp\/v2\/product\/8224","targetHints":{"allow":["GET"]}}],"collection":[{"href":"https:\/\/atelieamaliabarros.com\/index.php\/wp-json\/wp\/v2\/product"}],"about":[{"href":"https:\/\/atelieamaliabarros.com\/index.php\/wp-json\/wp\/v2\/types\/product"}],"wp:featuredmedia":[{"embeddable":true,"href":"https:\/\/atelieamaliabarros.com\/index.php\/wp-json\/wp\/v2\/media\/8324"}],"wp:attachment":[{"href":"https:\/\/atelieamaliabarros.com\/index.php\/wp-json\/wp\/v2\/media?parent=8224"}],"wp:term":[{"taxonomy":"product_brand","embeddable":true,"href":"https:\/\/atelieamaliabarros.com\/index.php\/wp-json\/wp\/v2\/product_brand?post=8224"},{"taxonomy":"product_cat","embeddable":true,"href":"https:\/\/atelieamaliabarros.com\/index.php\/wp-json\/wp\/v2\/product_cat?post=8224"},{"taxonomy":"product_tag","embeddable":true,"href":"https:\/\/atelieamaliabarros.com\/index.php\/wp-json\/wp\/v2\/product_tag?post=8224"}],"curies":[{"name":"wp","href":"https:\/\/api.w.org\/{rel}","templated":true}]}}