{"id":8218,"date":"2023-06-22T22:01:47","date_gmt":"2023-06-22T22:01:47","guid":{"rendered":"https:\/\/atelieamaliabarros.com\/index.php\/produto\/receita-pdf-digital-padrao-anjinhos-bebezinhos-e-criancas\/"},"modified":"2026-01-28T13:00:08","modified_gmt":"2026-01-28T13:00:08","slug":"receita-pdf-digital-padrao-anjinhos-bebezinhos-e-criancas","status":"publish","type":"product","link":"https:\/\/atelieamaliabarros.com\/index.php\/produto\/receita-pdf-digital-padrao-anjinhos-bebezinhos-e-criancas\/","title":{"rendered":"ANJINHOS, BEBEZINHOS E CRIAN\u00c7AS COLE\u00c7\u00c3O PADR\u00c3O PDF DIGITAL"},"content":{"rendered":"","protected":false},"excerpt":{"rendered":"<p><strong>DOWNLOAD IMEDIATO<\/strong><\/p>\n<p><strong><span style=\"color: #7d7873; font-family: museo_sans, sans-serif;\">OBS: (RECEBER\u00c1 UM ARQUIVO DIGITAL) PADR\u00c3O DA RECEITA EM PDF DOS ANJINHOS, BEBEZINHOS E CRIAN\u00c7AS EM CROCH\u00ca<\/span><\/strong><\/p>\n<p>Obs: Nessa receita n\u00e3o est\u00e1 incluso o padr\u00e3o dos Santinhos que est\u00e3o da foto, somente das pe\u00e7as pequenas (Anjinhos, Bebezinhos e Crian\u00e7as).<\/p>\n<p><span style=\"color: #7d7873; font-family: museo_sans, sans-serif;\">Com esta receita poder\u00e1 confeccionar Anjinhos, Bebezinhos e Crian\u00e7as de croch\u00ea iguais a esses da foto, nesse padr\u00e3o est\u00e1 incluso a receita de 4 Modelos De Anjinhos, 2 modelos de Crian\u00e7as Menores, 2 Modelos de Crian\u00e7as Maiores, 1 Bebezinho ou Menino Jesus na Manta e 1 Manjedoura para colocar o Menino Jesus.<\/span><\/p>\n<p><br style=\"color: #7d7873; font-family: museo_sans, sans-serif;\" \/><span style=\"color: #7d7873; font-family: museo_sans, sans-serif;\">Este padr\u00e3o \u00e9 registrado Copyright \u00a9 Ateli\u00ea Am\u00e1lia Barros \u2013 2022 Todos os direitos<\/span><br style=\"color: #7d7873; font-family: museo_sans, sans-serif;\" \/><span style=\"color: #7d7873; font-family: museo_sans, sans-serif;\">reservados.<\/span><\/p>\n","protected":false},"featured_media":8216,"template":"","meta":[],"product_brand":[],"product_cat":[108],"product_tag":[],"class_list":{"0":"post-8218","1":"product","2":"type-product","3":"status-publish","4":"has-post-thumbnail","6":"product_cat-pdf-digital-receitas-de-santinhas","8":"first","9":"instock","10":"sale","11":"downloadable","12":"virtual","13":"sold-individually","14":"taxable","15":"purchasable","16":"product-type-simple"},"_links":{"self":[{"href":"https:\/\/atelieamaliabarros.com\/index.php\/wp-json\/wp\/v2\/product\/8218","targetHints":{"allow":["GET"]}}],"collection":[{"href":"https:\/\/atelieamaliabarros.com\/index.php\/wp-json\/wp\/v2\/product"}],"about":[{"href":"https:\/\/atelieamaliabarros.com\/index.php\/wp-json\/wp\/v2\/types\/product"}],"wp:featuredmedia":[{"embeddable":true,"href":"https:\/\/atelieamaliabarros.com\/index.php\/wp-json\/wp\/v2\/media\/8216"}],"wp:attachment":[{"href":"https:\/\/atelieamaliabarros.com\/index.php\/wp-json\/wp\/v2\/media?parent=8218"}],"wp:term":[{"taxonomy":"product_brand","embeddable":true,"href":"https:\/\/atelieamaliabarros.com\/index.php\/wp-json\/wp\/v2\/product_brand?post=8218"},{"taxonomy":"product_cat","embeddable":true,"href":"https:\/\/atelieamaliabarros.com\/index.php\/wp-json\/wp\/v2\/product_cat?post=8218"},{"taxonomy":"product_tag","embeddable":true,"href":"https:\/\/atelieamaliabarros.com\/index.php\/wp-json\/wp\/v2\/product_tag?post=8218"}],"curies":[{"name":"wp","href":"https:\/\/api.w.org\/{rel}","templated":true}]}}