{"id":8183,"date":"2023-06-15T01:33:03","date_gmt":"2023-06-15T01:33:03","guid":{"rendered":"https:\/\/atelieamaliabarros.com\/index.php\/produto\/receita-pdf-digital-padrao-nossa-senhora-aparecida-24-cm\/"},"modified":"2026-05-01T17:37:05","modified_gmt":"2026-05-01T17:37:05","slug":"receita-pdf-digital-padrao-nossa-senhora-aparecida-24-cm","status":"publish","type":"product","link":"https:\/\/atelieamaliabarros.com\/index.php\/produto\/receita-pdf-digital-padrao-nossa-senhora-aparecida-24-cm\/","title":{"rendered":"NOSSA SENHORA APARECIDA 24 CM PADR\u00c3O PDF DIGITAL"},"content":{"rendered":"","protected":false},"excerpt":{"rendered":"<p><strong>DOWNLOAD IMEDIATO<\/strong><\/p>\n<p>OBS: (VOC\u00ca RECEBER\u00c1 UM ARQUIVO DIGITAL) PADR\u00c3O RECEITA EM PDF DA NOSSA SENHORA APARECIDA EM CROCH\u00ca<\/p>\n<p>Com esta receita poder\u00e1 confeccionar uma Santinha de croch\u00ea igual a essa da foto, nesse padr\u00e3o est\u00e1 incluso a receita do Corpo Com Cinturinha, do Manto, do Anjinho Da Base e da Coroa.<\/p>\n<p>Com esse PDF voc\u00ea tem a possibilidade de confeccionar v\u00e1rios modelos de Nossa Senhora Aparecida, pois al\u00e9m de ter v\u00e1rias fotos de modelos de inspira\u00e7\u00e3o tem tamb\u00e9m todas as cores e materiais usados para fazer cada Santinha.<\/p>\n<p>Espero que goste do PDF que fiz com tanto carinho, fico sempre muito feliz em passar meu conhecimento e desejo que sua Nossa Senhora Aparecida fique bem mais bonita que a minha.<\/p>\n<p>Mil Beijos&#8230;Ateli\u00ea Am\u00e1lia Barros.<\/p>\n<p>Este padr\u00e3o \u00e9 registrado Copyright \u00a9 Ateli\u00ea Am\u00e1lia Barros \u2013 2022 Todos os direitos<br \/>\nreservados.<\/p>\n","protected":false},"featured_media":8322,"template":"","meta":[],"product_brand":[],"product_cat":[108],"product_tag":[],"class_list":{"0":"post-8183","1":"product","2":"type-product","3":"status-publish","4":"has-post-thumbnail","6":"product_cat-pdf-digital-receitas-de-santinhas","8":"first","9":"instock","10":"sale","11":"downloadable","12":"virtual","13":"sold-individually","14":"taxable","15":"purchasable","16":"product-type-simple"},"_links":{"self":[{"href":"https:\/\/atelieamaliabarros.com\/index.php\/wp-json\/wp\/v2\/product\/8183","targetHints":{"allow":["GET"]}}],"collection":[{"href":"https:\/\/atelieamaliabarros.com\/index.php\/wp-json\/wp\/v2\/product"}],"about":[{"href":"https:\/\/atelieamaliabarros.com\/index.php\/wp-json\/wp\/v2\/types\/product"}],"wp:featuredmedia":[{"embeddable":true,"href":"https:\/\/atelieamaliabarros.com\/index.php\/wp-json\/wp\/v2\/media\/8322"}],"wp:attachment":[{"href":"https:\/\/atelieamaliabarros.com\/index.php\/wp-json\/wp\/v2\/media?parent=8183"}],"wp:term":[{"taxonomy":"product_brand","embeddable":true,"href":"https:\/\/atelieamaliabarros.com\/index.php\/wp-json\/wp\/v2\/product_brand?post=8183"},{"taxonomy":"product_cat","embeddable":true,"href":"https:\/\/atelieamaliabarros.com\/index.php\/wp-json\/wp\/v2\/product_cat?post=8183"},{"taxonomy":"product_tag","embeddable":true,"href":"https:\/\/atelieamaliabarros.com\/index.php\/wp-json\/wp\/v2\/product_tag?post=8183"}],"curies":[{"name":"wp","href":"https:\/\/api.w.org\/{rel}","templated":true}]}}