{"id":8176,"date":"2023-06-15T00:34:49","date_gmt":"2023-06-15T00:34:49","guid":{"rendered":"https:\/\/atelieamaliabarros.com\/index.php\/produto\/fio-amigurumi-glow-circulo-50g-105m-cor-branco\/"},"modified":"2025-11-30T23:35:59","modified_gmt":"2025-11-30T23:35:59","slug":"fio-amigurumi-glow-circulo-50g-105m-cor-branco","status":"publish","type":"product","link":"https:\/\/atelieamaliabarros.com\/index.php\/produto\/fio-amigurumi-glow-circulo-50g-105m-cor-branco\/","title":{"rendered":"Z- FIO AMIGURUMI GLOW C\u00cdRCULO 50g  105m &#8211; COR BRANCO"},"content":{"rendered":"","protected":false},"excerpt":{"rendered":"<p><strong>DESCRI\u00c7\u00c3O<\/strong><\/p>\n<p>Amigurumi Glow \u00e9 mais um integrante da fam\u00edlia Amigurumi que oferece excelente qualidade para trabalhos em croch\u00ea e tric\u00f4 e traz uma surpresa: ele brilha no escuro! Prepare-se para projetos muito mais bonitos e surpreendentes em todos os detalhes! Esse fio \u00e9 indicado para a produ\u00e7\u00e3o de detalhes e pe\u00e7as inteiras, tem \u00f3timo rendimento e possui um efeito Glow que n\u00e3o sai ap\u00f3s a lavagem. Para carregar o fio, exponha-o \u00e0 luz natural ou artificial em todos os lados da pe\u00e7a por cerca de 1h. Cada carga de luz dura, em m\u00e9dia, 15 minutos. Amigurumi Glow n\u00e3o \u00e9 t\u00f3xico e nem causa males \u00e0 sa\u00fade. Seu processo de constru\u00e7\u00e3o impede que a aplica\u00e7\u00e3o especial que o faz brilhar entre em contato com a pele do consumidor, sendo assim, ele \u00e9 totalmente seguro a todos os p\u00fablicos.<\/p>\n<p>\u00a0<\/p>\n<p><strong>DADOS T\u00c9CNICOS<\/strong><\/p>\n<p>Tex: 476<\/p>\n<p>Composi\u00e7\u00e3o: 100% poli\u00e9ster<\/p>\n<p>Comprimento e Peso: 105 m \/ Peso: 50 g<\/p>\n<p>Agulhas de croch\u00ea: 2 mm a 4 mm<\/p>\n<p>Agulha de tric\u00f4: 2,5 mm a 4,5 mm<\/p>\n","protected":false},"featured_media":8175,"template":"","meta":[],"product_brand":[],"product_cat":[23],"product_tag":[],"class_list":{"0":"post-8176","1":"product","2":"type-product","3":"status-publish","4":"has-post-thumbnail","6":"product_cat-fio-amigurumi","8":"first","9":"outofstock","10":"taxable","11":"shipping-taxable","12":"purchasable","13":"product-type-simple"},"_links":{"self":[{"href":"https:\/\/atelieamaliabarros.com\/index.php\/wp-json\/wp\/v2\/product\/8176","targetHints":{"allow":["GET"]}}],"collection":[{"href":"https:\/\/atelieamaliabarros.com\/index.php\/wp-json\/wp\/v2\/product"}],"about":[{"href":"https:\/\/atelieamaliabarros.com\/index.php\/wp-json\/wp\/v2\/types\/product"}],"wp:featuredmedia":[{"embeddable":true,"href":"https:\/\/atelieamaliabarros.com\/index.php\/wp-json\/wp\/v2\/media\/8175"}],"wp:attachment":[{"href":"https:\/\/atelieamaliabarros.com\/index.php\/wp-json\/wp\/v2\/media?parent=8176"}],"wp:term":[{"taxonomy":"product_brand","embeddable":true,"href":"https:\/\/atelieamaliabarros.com\/index.php\/wp-json\/wp\/v2\/product_brand?post=8176"},{"taxonomy":"product_cat","embeddable":true,"href":"https:\/\/atelieamaliabarros.com\/index.php\/wp-json\/wp\/v2\/product_cat?post=8176"},{"taxonomy":"product_tag","embeddable":true,"href":"https:\/\/atelieamaliabarros.com\/index.php\/wp-json\/wp\/v2\/product_tag?post=8176"}],"curies":[{"name":"wp","href":"https:\/\/api.w.org\/{rel}","templated":true}]}}