{"id":8163,"date":"2023-06-14T23:45:48","date_gmt":"2023-06-14T23:45:48","guid":{"rendered":"https:\/\/atelieamaliabarros.com\/index.php\/produto\/cartela-adesiva-flor-real-santinha-mmixer-10-30mm-cor-azul-turquesa-98\/"},"modified":"2025-12-27T16:37:04","modified_gmt":"2025-12-27T16:37:04","slug":"cartela-adesiva-flor-real-santinha-mmixer-10-30mm-cor-azul-turquesa-98","status":"publish","type":"product","link":"https:\/\/atelieamaliabarros.com\/index.php\/produto\/cartela-adesiva-flor-real-santinha-mmixer-10-30mm-cor-azul-turquesa-98\/","title":{"rendered":"Z- CARTELA ADESIVA FLOR REAL SANTINHA MMIXER-10 30mm COR VERMELHO &#8211; 122"},"content":{"rendered":"","protected":false},"excerpt":{"rendered":"<p><strong>DESCRI\u00c7\u00c3O<\/strong><\/p>\n<p>Cartela Adesiva &#8220;Flor&#8221; &#8211; MMIXER-10<\/p>\n<p>Cont\u00e9m: 21 Adesivos em formato de flor, meia p\u00e9rolas e mini pedrinhas no centro.<\/p>\n<p>Ideal para acabamentos em santinha de amigurumi, madeiras ou mdf, pap\u00e9is, cart\u00f5es, lembrancinhas, pets e artesanatos em geral.<\/p>\n<p>Imagem Ilustrativa podendo sofrer varia\u00e7\u00f5es de cor ou tamanho conforme configura\u00e7\u00e3o de tela ou monitor.<\/p>\n","protected":false},"featured_media":9750,"template":"","meta":[],"product_brand":[],"product_cat":[104],"product_tag":[],"class_list":{"0":"post-8163","1":"product","2":"type-product","3":"status-publish","4":"has-post-thumbnail","6":"product_cat-cartela-adesiva-para-santinhas","8":"first","9":"outofstock","10":"taxable","11":"shipping-taxable","12":"purchasable","13":"product-type-simple"},"_links":{"self":[{"href":"https:\/\/atelieamaliabarros.com\/index.php\/wp-json\/wp\/v2\/product\/8163","targetHints":{"allow":["GET"]}}],"collection":[{"href":"https:\/\/atelieamaliabarros.com\/index.php\/wp-json\/wp\/v2\/product"}],"about":[{"href":"https:\/\/atelieamaliabarros.com\/index.php\/wp-json\/wp\/v2\/types\/product"}],"wp:featuredmedia":[{"embeddable":true,"href":"https:\/\/atelieamaliabarros.com\/index.php\/wp-json\/wp\/v2\/media\/9750"}],"wp:attachment":[{"href":"https:\/\/atelieamaliabarros.com\/index.php\/wp-json\/wp\/v2\/media?parent=8163"}],"wp:term":[{"taxonomy":"product_brand","embeddable":true,"href":"https:\/\/atelieamaliabarros.com\/index.php\/wp-json\/wp\/v2\/product_brand?post=8163"},{"taxonomy":"product_cat","embeddable":true,"href":"https:\/\/atelieamaliabarros.com\/index.php\/wp-json\/wp\/v2\/product_cat?post=8163"},{"taxonomy":"product_tag","embeddable":true,"href":"https:\/\/atelieamaliabarros.com\/index.php\/wp-json\/wp\/v2\/product_tag?post=8163"}],"curies":[{"name":"wp","href":"https:\/\/api.w.org\/{rel}","templated":true}]}}