{"id":8131,"date":"2022-09-08T19:09:34","date_gmt":"2022-09-08T19:09:34","guid":{"rendered":"https:\/\/atelieamaliabarros.com\/index.php\/produto\/cartela-adesivos-coracao-santinha-mmixer-33-cor-95-rosa-claro\/"},"modified":"2025-07-18T12:44:55","modified_gmt":"2025-07-18T12:44:55","slug":"cartela-adesivos-coracao-santinha-mmixer-33-cor-95-rosa-claro","status":"publish","type":"product","link":"https:\/\/atelieamaliabarros.com\/index.php\/produto\/cartela-adesivos-coracao-santinha-mmixer-33-cor-95-rosa-claro\/","title":{"rendered":"Z- CARTELA ADESIVOS CORA\u00c7\u00c3O SANTINHA MMIXER-33 Cor 95 ROSA CLARO"},"content":{"rendered":"","protected":false},"excerpt":{"rendered":"<p>Cartela Adesiva MMIXER-33<\/p>\n<p>Cont\u00e9m: 47 Adesivos em formato de mini cora\u00e7\u00f5es e strass.<\/p>\n<p>Ideal para acabamentos em santinha de amigurumi, madeiras ou mdf, pap\u00e9is, cart\u00f5es, lembrancinhas, pets e artesanatos em geral.<\/p>\n<p>Imagem Ilustrativa podendo sofrer varia\u00e7\u00f5es de cor ou tamanho conforme configura\u00e7\u00e3o de tela ou monitor.<\/p>\n","protected":false},"featured_media":8130,"template":"","meta":[],"product_brand":[],"product_cat":[104],"product_tag":[],"class_list":{"0":"post-8131","1":"product","2":"type-product","3":"status-publish","4":"has-post-thumbnail","6":"product_cat-cartela-adesiva-para-santinhas","8":"first","9":"outofstock","10":"taxable","11":"shipping-taxable","12":"purchasable","13":"product-type-simple"},"_links":{"self":[{"href":"https:\/\/atelieamaliabarros.com\/index.php\/wp-json\/wp\/v2\/product\/8131","targetHints":{"allow":["GET"]}}],"collection":[{"href":"https:\/\/atelieamaliabarros.com\/index.php\/wp-json\/wp\/v2\/product"}],"about":[{"href":"https:\/\/atelieamaliabarros.com\/index.php\/wp-json\/wp\/v2\/types\/product"}],"wp:featuredmedia":[{"embeddable":true,"href":"https:\/\/atelieamaliabarros.com\/index.php\/wp-json\/wp\/v2\/media\/8130"}],"wp:attachment":[{"href":"https:\/\/atelieamaliabarros.com\/index.php\/wp-json\/wp\/v2\/media?parent=8131"}],"wp:term":[{"taxonomy":"product_brand","embeddable":true,"href":"https:\/\/atelieamaliabarros.com\/index.php\/wp-json\/wp\/v2\/product_brand?post=8131"},{"taxonomy":"product_cat","embeddable":true,"href":"https:\/\/atelieamaliabarros.com\/index.php\/wp-json\/wp\/v2\/product_cat?post=8131"},{"taxonomy":"product_tag","embeddable":true,"href":"https:\/\/atelieamaliabarros.com\/index.php\/wp-json\/wp\/v2\/product_tag?post=8131"}],"curies":[{"name":"wp","href":"https:\/\/api.w.org\/{rel}","templated":true}]}}