{"id":8127,"date":"2022-09-08T18:16:14","date_gmt":"2022-09-08T18:16:14","guid":{"rendered":"https:\/\/atelieamaliabarros.com\/index.php\/produto\/cartela-adesivos-flor-manto-santinha-mmixer-37-cor-81-amarelo-escuro\/"},"modified":"2025-12-13T17:02:24","modified_gmt":"2025-12-13T17:02:24","slug":"cartela-adesivos-flor-manto-santinha-mmixer-37-cor-81-amarelo-escuro","status":"publish","type":"product","link":"https:\/\/atelieamaliabarros.com\/index.php\/produto\/cartela-adesivos-flor-manto-santinha-mmixer-37-cor-81-amarelo-escuro\/","title":{"rendered":"Z- CARTELA ADESIVOS FLOR MANTO SANTINHA MMIXER-37 Cor 81 AMARELO ESCURO"},"content":{"rendered":"","protected":false},"excerpt":{"rendered":"<p><strong>DESCRI\u00c7\u00c3O<\/strong><\/p>\n<p>Cartela Adesiva &#8220;Flor&#8221; &#8211; MMIXER-37<\/p>\n<p>Cont\u00e9m: 78 Adesivos em formato de flor distribu\u00ecdas em 4 tamanhos.<\/p>\n<p>Ideal para acabamentos em santinha de amigurumi, madeiras ou mdf, pap\u00e9is, cart\u00f5es, lembrancinhas, pets e artesanatos em geral.<\/p>\n<p>Imagem Ilustrativa podendo sofrer varia\u00e7\u00f5es de cor ou tamanho conforme configura\u00e7\u00e3o de tela ou monitor.<\/p>\n","protected":false},"featured_media":8126,"template":"","meta":[],"product_brand":[],"product_cat":[104],"product_tag":[],"class_list":{"0":"post-8127","1":"product","2":"type-product","3":"status-publish","4":"has-post-thumbnail","6":"product_cat-cartela-adesiva-para-santinhas","8":"first","9":"outofstock","10":"taxable","11":"shipping-taxable","12":"purchasable","13":"product-type-simple"},"_links":{"self":[{"href":"https:\/\/atelieamaliabarros.com\/index.php\/wp-json\/wp\/v2\/product\/8127","targetHints":{"allow":["GET"]}}],"collection":[{"href":"https:\/\/atelieamaliabarros.com\/index.php\/wp-json\/wp\/v2\/product"}],"about":[{"href":"https:\/\/atelieamaliabarros.com\/index.php\/wp-json\/wp\/v2\/types\/product"}],"wp:featuredmedia":[{"embeddable":true,"href":"https:\/\/atelieamaliabarros.com\/index.php\/wp-json\/wp\/v2\/media\/8126"}],"wp:attachment":[{"href":"https:\/\/atelieamaliabarros.com\/index.php\/wp-json\/wp\/v2\/media?parent=8127"}],"wp:term":[{"taxonomy":"product_brand","embeddable":true,"href":"https:\/\/atelieamaliabarros.com\/index.php\/wp-json\/wp\/v2\/product_brand?post=8127"},{"taxonomy":"product_cat","embeddable":true,"href":"https:\/\/atelieamaliabarros.com\/index.php\/wp-json\/wp\/v2\/product_cat?post=8127"},{"taxonomy":"product_tag","embeddable":true,"href":"https:\/\/atelieamaliabarros.com\/index.php\/wp-json\/wp\/v2\/product_tag?post=8127"}],"curies":[{"name":"wp","href":"https:\/\/api.w.org\/{rel}","templated":true}]}}