{"id":8017,"date":"2022-06-01T22:55:06","date_gmt":"2022-06-01T22:55:06","guid":{"rendered":"https:\/\/atelieamaliabarros.com\/index.php\/produto\/cartela-adesiva-manto-santinha-meia-perola-tira3-c-6mm-cor-preto\/"},"modified":"2025-12-27T16:38:36","modified_gmt":"2025-12-27T16:38:36","slug":"cartela-adesiva-manto-santinha-meia-perola-tira3-c-6mm-cor-preto","status":"publish","type":"product","link":"https:\/\/atelieamaliabarros.com\/index.php\/produto\/cartela-adesiva-manto-santinha-meia-perola-tira3-c-6mm-cor-preto\/","title":{"rendered":"Z- CARTELA ADESIVOS MANTO SANTINHA MEIA P\u00c9ROLA TIRA3-C 6mm COR PRETO"},"content":{"rendered":"","protected":false},"excerpt":{"rendered":"<p><strong>DESCRI\u00c7\u00c3O<\/strong>\u00a0<\/p>\n<p>Tira de Pedras Autocolante\u00a0<\/p>\n<p>Tamanho: 6 mm\u00a0<\/p>\n<p>Cont\u00e9m 720 meias p\u00e9rolas<\/p>\n<p>Ideal para acabamentos em satinhas de amigurumi, madeiras ou mdf, pap\u00e9is, cart\u00f5es, lembrancinhas, pets e artesanatos em geral.\u00a0<\/p>\n<p>Imagem Ilustrativa podendo sofrer varia\u00e7\u00f5es de cor ou tamanho conforme configura\u00e7\u00e3o de tela ou monitor.<\/p>\n","protected":false},"featured_media":8016,"template":"","meta":[],"product_brand":[],"product_cat":[104],"product_tag":[],"class_list":{"0":"post-8017","1":"product","2":"type-product","3":"status-publish","4":"has-post-thumbnail","6":"product_cat-cartela-adesiva-para-santinhas","8":"first","9":"outofstock","10":"taxable","11":"shipping-taxable","12":"purchasable","13":"product-type-simple"},"_links":{"self":[{"href":"https:\/\/atelieamaliabarros.com\/index.php\/wp-json\/wp\/v2\/product\/8017","targetHints":{"allow":["GET"]}}],"collection":[{"href":"https:\/\/atelieamaliabarros.com\/index.php\/wp-json\/wp\/v2\/product"}],"about":[{"href":"https:\/\/atelieamaliabarros.com\/index.php\/wp-json\/wp\/v2\/types\/product"}],"wp:featuredmedia":[{"embeddable":true,"href":"https:\/\/atelieamaliabarros.com\/index.php\/wp-json\/wp\/v2\/media\/8016"}],"wp:attachment":[{"href":"https:\/\/atelieamaliabarros.com\/index.php\/wp-json\/wp\/v2\/media?parent=8017"}],"wp:term":[{"taxonomy":"product_brand","embeddable":true,"href":"https:\/\/atelieamaliabarros.com\/index.php\/wp-json\/wp\/v2\/product_brand?post=8017"},{"taxonomy":"product_cat","embeddable":true,"href":"https:\/\/atelieamaliabarros.com\/index.php\/wp-json\/wp\/v2\/product_cat?post=8017"},{"taxonomy":"product_tag","embeddable":true,"href":"https:\/\/atelieamaliabarros.com\/index.php\/wp-json\/wp\/v2\/product_tag?post=8017"}],"curies":[{"name":"wp","href":"https:\/\/api.w.org\/{rel}","templated":true}]}}