{"id":6870,"date":"2021-08-22T17:12:32","date_gmt":"2021-08-22T17:12:32","guid":{"rendered":"https:\/\/atelieamaliabarros.com\/index.php\/produto\/fio-linha-amigurumi-circulo-254m-cor-5203-greenery\/"},"modified":"2025-12-27T16:41:32","modified_gmt":"2025-12-27T16:41:32","slug":"fio-linha-amigurumi-circulo-254m-cor-5203-greenery","status":"publish","type":"product","link":"https:\/\/atelieamaliabarros.com\/index.php\/produto\/fio-linha-amigurumi-circulo-254m-cor-5203-greenery\/","title":{"rendered":"Z- FIO LINHA AMIGURUMI C\u00cdRCULO 254m COR 5203 GREENERY"},"content":{"rendered":"","protected":false},"excerpt":{"rendered":"<p><strong>DESCRI\u00c7\u00c3O<\/strong><\/p>\n<p>O Fio Amigurumi \u00e9 ideal para a t\u00e9cnica de crochetar ou tricotar pequenos bonecos tridimensionais. Com uma cartela completa de cores, voc\u00ea pode usar sua criatividade e criar divertidos bichinhos, personagens infantis e bonecos. O fio Amigurumi tem espessura m\u00e9dia e alia rendimento com delicadeza.<\/p>\n<p>\u00a0<\/p>\n<p><strong>DADOS T\u00c9CNICOS<\/strong><\/p>\n<p>Fio Ne 6\/5 &#8211; (492 Tex)<\/p>\n<p>Composi\u00e7\u00e3o: 100% Algod\u00e3o Mercerizado<\/p>\n<p>Comprimento e Peso: 254m e 125g<\/p>\n<p>Agulhas Para Croch\u00ea: 2,0 mm a 4,0 mm<\/p>\n<p>Agulhas Para Tric\u00f4: 2,5 mm a 4,5 mm<\/p>\n<p>Quantidade De Cores: 61<\/p>\n","protected":false},"featured_media":6869,"template":"","meta":[],"product_brand":[],"product_cat":[23],"product_tag":[],"class_list":{"0":"post-6870","1":"product","2":"type-product","3":"status-publish","4":"has-post-thumbnail","6":"product_cat-fio-amigurumi","8":"first","9":"outofstock","10":"taxable","11":"shipping-taxable","12":"purchasable","13":"product-type-simple"},"_links":{"self":[{"href":"https:\/\/atelieamaliabarros.com\/index.php\/wp-json\/wp\/v2\/product\/6870","targetHints":{"allow":["GET"]}}],"collection":[{"href":"https:\/\/atelieamaliabarros.com\/index.php\/wp-json\/wp\/v2\/product"}],"about":[{"href":"https:\/\/atelieamaliabarros.com\/index.php\/wp-json\/wp\/v2\/types\/product"}],"wp:featuredmedia":[{"embeddable":true,"href":"https:\/\/atelieamaliabarros.com\/index.php\/wp-json\/wp\/v2\/media\/6869"}],"wp:attachment":[{"href":"https:\/\/atelieamaliabarros.com\/index.php\/wp-json\/wp\/v2\/media?parent=6870"}],"wp:term":[{"taxonomy":"product_brand","embeddable":true,"href":"https:\/\/atelieamaliabarros.com\/index.php\/wp-json\/wp\/v2\/product_brand?post=6870"},{"taxonomy":"product_cat","embeddable":true,"href":"https:\/\/atelieamaliabarros.com\/index.php\/wp-json\/wp\/v2\/product_cat?post=6870"},{"taxonomy":"product_tag","embeddable":true,"href":"https:\/\/atelieamaliabarros.com\/index.php\/wp-json\/wp\/v2\/product_tag?post=6870"}],"curies":[{"name":"wp","href":"https:\/\/api.w.org\/{rel}","templated":true}]}}