{"id":260,"date":"2020-10-05T15:44:17","date_gmt":"2020-10-05T15:44:17","guid":{"rendered":"https:\/\/atelieamaliabarros.com\/?page_id=260"},"modified":"2021-05-08T12:46:03","modified_gmt":"2021-05-08T12:46:03","slug":"politica-de-devolucao","status":"publish","type":"page","link":"https:\/\/atelieamaliabarros.com\/index.php\/politica-de-devolucao\/","title":{"rendered":"Pol\u00edtica de Devolu\u00e7\u00e3o"},"content":{"rendered":"\n<p>Ao nosso clientes \u00e9 garantido o direito de arrependimento, de acordo com o artigo 49 do C\u00f3digo de Defesa do Consumidor. N\u00e3o aceitamos troca, aceitamos apenas a devolu\u00e7\u00e3o do pedido de forma integral.<\/p>\n\n\n\n<h2 class=\"wp-block-heading\">Como \u00e9 feita a devolu\u00e7\u00e3o?<\/h2>\n\n\n\n<p>O Cliente que quiser devolver os produtos adquiridos em nosso site, tem o per\u00edodo de 7 dias ap\u00f3s o recebimento do produto para solicitar a devolu\u00e7\u00e3o.<\/p>\n\n\n\n<p>Para solicitar a devolu\u00e7\u00e3o, o cliente deve entrar em contato atrav\u00e9s de nosso site, e-mail ou telefone informando o n\u00famero da nota fiscal de sua compra para que possamos identificar o pedido e proceder a devolu\u00e7\u00e3o.<\/p>\n\n\n\n<p>Ap\u00f3s o contato, n\u00f3s iremos mandar um c\u00f3digo de postagem do Correios que ser\u00e1 utilizado para a devolu\u00e7\u00e3o. De posse do c\u00f3digo o cliente deve:<\/p>\n\n\n\n<ul class=\"wp-block-list\"><li>Embalar todos produtos recebidos, n\u00e3o \u00e9 permitido a devolu\u00e7\u00e3o parcial do pedido;<\/li><li>Levar o pacote ao Correios, informar o c\u00f3digo de postagem e nos enviar os produtos comprados;<\/li><\/ul>\n\n\n\n<p>Nossa loja, quando receber os produtos de volta ir\u00e1:<\/p>\n\n\n\n<ul class=\"wp-block-list\"><li>Conferir se os produtos est\u00e3o na mesma condi\u00e7\u00e3o em que foram enviados, considerando quantidade e embalagens intactas;<\/li><li>Ap\u00f3s a confer\u00eancia acima, caso o pedido tenha sido recebido integral e sem marcas de uso, reembolsar 100% do valor pago ao cliente<\/li><\/ul>\n\n\n\n<h2 class=\"wp-block-heading\">Como \u00e9 feito o reembolso?<\/h2>\n\n\n\n<p>O reembolso ser\u00e1 feito pelo estorno da compra feita pelo cliente. Caso o estorno da compra n\u00e3o puder ser feito, o cliente deve nos informar uma conta em banco, da qual ele seja titular, para que nossa loja fa\u00e7a o dep\u00f3sito do valor pedido direto nessa conta.<\/p>\n","protected":false},"excerpt":{"rendered":"<p>Ao nosso clientes \u00e9 garantido o direito de arrependimento, de acordo com o artigo 49 do C\u00f3digo de Defesa do Consumidor. N\u00e3o aceitamos troca, aceitamos apenas a devolu\u00e7\u00e3o do pedido de forma integral. Como \u00e9 feita a devolu\u00e7\u00e3o? O Cliente que quiser devolver os produtos adquiridos em nosso site, tem o per\u00edodo de 7 dias [&hellip;]<\/p>\n","protected":false},"author":1,"featured_media":0,"parent":0,"menu_order":0,"comment_status":"closed","ping_status":"closed","template":"","meta":{"footnotes":""},"class_list":["post-260","page","type-page","status-publish","hentry"],"_links":{"self":[{"href":"https:\/\/atelieamaliabarros.com\/index.php\/wp-json\/wp\/v2\/pages\/260","targetHints":{"allow":["GET"]}}],"collection":[{"href":"https:\/\/atelieamaliabarros.com\/index.php\/wp-json\/wp\/v2\/pages"}],"about":[{"href":"https:\/\/atelieamaliabarros.com\/index.php\/wp-json\/wp\/v2\/types\/page"}],"author":[{"embeddable":true,"href":"https:\/\/atelieamaliabarros.com\/index.php\/wp-json\/wp\/v2\/users\/1"}],"replies":[{"embeddable":true,"href":"https:\/\/atelieamaliabarros.com\/index.php\/wp-json\/wp\/v2\/comments?post=260"}],"version-history":[{"count":4,"href":"https:\/\/atelieamaliabarros.com\/index.php\/wp-json\/wp\/v2\/pages\/260\/revisions"}],"predecessor-version":[{"id":5639,"href":"https:\/\/atelieamaliabarros.com\/index.php\/wp-json\/wp\/v2\/pages\/260\/revisions\/5639"}],"wp:attachment":[{"href":"https:\/\/atelieamaliabarros.com\/index.php\/wp-json\/wp\/v2\/media?parent=260"}],"curies":[{"name":"wp","href":"https:\/\/api.w.org\/{rel}","templated":true}]}}